{"id":598,"date":"2024-06-15T00:06:13","date_gmt":"2024-06-14T22:06:13","guid":{"rendered":"https:\/\/www.zhongyagroup.it\/?page_id=598"},"modified":"2024-06-17T18:20:09","modified_gmt":"2024-06-17T16:20:09","slug":"terms-and-conditions","status":"publish","type":"page","link":"https:\/\/www.zhongyagroup.it\/it\/terms-and-conditions\/","title":{"rendered":"Termini e condizioni"},"content":{"rendered":"<div data-elementor-type=\"wp-page\" data-elementor-id=\"598\" class=\"elementor elementor-598\" data-elementor-post-type=\"page\">\n\t\t\t\t<div class=\"elementor-element elementor-element-8af6108 e-flex e-con-boxed e-con e-parent\" data-id=\"8af6108\" data-element_type=\"container\">\n\t\t\t\t\t<div class=\"e-con-inner\">\n\t\t\t\t<div class=\"elementor-element elementor-element-a8df062 exad-sticky-section-no exad-glass-effect-no elementor-widget elementor-widget-heading\" data-id=\"a8df062\" data-element_type=\"widget\" data-widget_type=\"heading.default\">\n\t\t\t\t<div class=\"elementor-widget-container\">\n\t\t\t\t\t<h1 class=\"elementor-heading-title elementor-size-default\">Termini e condizioni<\/h1>\t\t\t\t<\/div>\n\t\t\t\t<\/div>\n\t\t\t\t\t<\/div>\n\t\t\t\t<\/div>\n\t\t<div class=\"elementor-element elementor-element-fac014d e-flex e-con-boxed e-con e-parent\" data-id=\"fac014d\" data-element_type=\"container\" data-settings=\"{&quot;background_background&quot;:&quot;classic&quot;}\">\n\t\t\t\t\t<div class=\"e-con-inner\">\n\t\t\t\t<div class=\"elementor-element elementor-element-814b3f7 exad-sticky-section-no exad-glass-effect-no elementor-widget elementor-widget-text-editor\" data-id=\"814b3f7\" data-element_type=\"widget\" data-widget_type=\"text-editor.default\">\n\t\t\t\t<div class=\"elementor-widget-container\">\n\t\t\t\t\t\t\t\t\t<p>I presenti Termini e condizioni regolano l'utilizzo del sito web da parte dell'utente.\u00a0<strong>https:\/\/www.zhongyagroup.it<\/strong> e qualsiasi servizio correlato fornito da\u00a0<strong>Zhongya Internazionale <\/strong>Accedendo a <strong>https:\/\/www.zhongyagroup.it<\/strong>L'utente accetta di rispettare i presenti Termini e Condizioni e di conformarsi a tutte le leggi e i regolamenti applicabili. Se non accettate i presenti Termini e condizioni, vi \u00e8 vietato utilizzare o accedere a questo sito web o utilizzare qualsiasi altro servizio fornito da <strong>Zhongya Internazionale<\/strong>.<\/p><p><strong>Zhongya Internazionale<\/strong>\u00a0si riserva il diritto di rivedere e modificare i presenti Termini e condizioni a propria discrezione. In tal caso, aggiorneremo questa pagina. Eventuali modifiche ai presenti Termini e condizioni avranno effetto immediato dalla data di pubblicazione. I presenti Termini e condizioni sono stati aggiornati l'ultima volta il 15 giugno 2024.<\/p><p>Limitazioni d'uso<\/p><p>Utilizzando questo sito web, l'utente garantisce a nome suo, dei suoi utenti e di altre parti che non lo far\u00e0:<\/p><ol><li>modificare, copiare, preparare opere derivate, decompilare o decodificare qualsiasi materiale e software contenuto in questo sito web;<\/li><li>rimuovere qualsiasi copyright o altra notazione proprietaria da qualsiasi materiale e software presente su questo sito web;<\/li><li>trasferire i materiali a un'altra persona o \"rispecchiare\" i materiali su qualsiasi altro server;<\/li><li>utilizzare consapevolmente o per negligenza questo sito web o uno qualsiasi dei suoi servizi associati in modo da abusare o interrompere le nostre reti o qualsiasi altro servizio\u00a0<strong>Zhongya Internazionale<\/strong> fornisce;<\/li><li>utilizzare questo sito web o i suoi servizi associati per trasmettere o pubblicare materiale molesto, indecente, osceno, fraudolento o illegale;<\/li><li>utilizzare questo sito web o i suoi servizi associati in violazione di qualsiasi legge o regolamento applicabile;<\/li><li>utilizzare questo sito web per l'invio di pubblicit\u00e0 non autorizzata o di spam;<\/li><li>raccogliere, collezionare o raccogliere i dati dell'utente senza il suo consenso; oppure<\/li><li>utilizzare questo sito web o i suoi servizi associati in modo tale da violare la privacy, i diritti di propriet\u00e0 intellettuale o altri diritti di terzi.<\/li><\/ol><p>Propriet\u00e0 intellettuale<\/p><p>La propriet\u00e0 intellettuale dei materiali contenuti in questo sito web \u00e8 di propriet\u00e0 o concessa in licenza a\u00a0<strong>Zhongya Internazionale<\/strong> ed \u00e8 protetto dalle leggi vigenti in materia di copyright e marchi di fabbrica. Concediamo ai nostri utenti il permesso di scaricare una copia dei materiali per uso personale, transitorio e non commerciale. Questo costituisce la concessione di una licenza, non un trasferimento di propriet\u00e0. Questa licenza termina automaticamente se l'utente viola una qualsiasi di queste restrizioni o i Termini di servizio e pu\u00f2 essere risolta da\u00a0<strong>Zhongya Internazionale <\/strong>in qualsiasi momento.<\/p><p>Responsabilit\u00e0<\/p><p>Il nostro sito web e i materiali in esso contenuti sono forniti \"cos\u00ec come sono\". Nella misura consentita dalla legge,\u00a0<strong>Zhongya Internazionale <\/strong>non fornisce alcuna garanzia, espressa o implicita, e con la presente esclude e nega tutte le altre garanzie, incluse, senza limitazioni, garanzie implicite o condizioni di commerciabilit\u00e0, idoneit\u00e0 per uno scopo particolare, o non violazione della propriet\u00e0 intellettuale, o altre violazioni dei diritti.\u00a0<strong>Zhongya Internazionale <\/strong>o i suoi fornitori saranno responsabili per qualsiasi perdita consequenziale subita o sostenuta dall'utente o da terzi derivante dall'uso o dall'impossibilit\u00e0 di usare questo sito web o i materiali in esso contenuti, anche se\u00a0<strong>Zhongya Internazionale <\/strong>Nel contesto del presente contratto, il termine \"perdita consequenziale\" include qualsiasi perdita consequenziale, perdita indiretta, perdita di profitto reale o anticipata, perdita di benefici, perdita di entrate, perdita di affari, perdita di avviamento, perdita di opportunit\u00e0, perdita di risparmi, perdita di reputazione, perdita di utilizzo e\/o perdita o corruzione di dati, ai sensi della legge, del contratto, dell'equit\u00e0, del torto (inclusa la negligenza), dell'indennizzo o altro.Poich\u00e9 alcune giurisdizioni non ammettono limitazioni alle garanzie implicite o alla responsabilit\u00e0 per danni conseguenti o accidentali, tali limitazioni potrebbero non essere applicabili all'utente.<\/p><p>Precisione dei materiali<\/p><p>I materiali che appaiono sul nostro sito web non sono esaustivi e servono solo a scopi informativi generali.\u00a0<strong>Zhongya Internazionale<\/strong> non garantisce n\u00e9 rilascia alcuna dichiarazione in merito all'accuratezza, ai risultati probabili o all'affidabilit\u00e0 dell'utilizzo dei materiali presenti su questo sito web o altrimenti relativi a tali materiali o a qualsiasi risorsa collegata a questo sito web.<\/p><p>Collegamenti<\/p><p><strong>Zhongya Internazionale <\/strong>non ha esaminato tutti i siti collegati al proprio sito web e non \u00e8 responsabile dei contenuti di tali siti collegati. L'inclusione di qualsiasi link non implica l'approvazione, l'approvazione o il controllo da parte di\u00a0<strong>Zhongya Internazionale <\/strong>del sito. L'utilizzo di tali siti collegati \u00e8 a vostro rischio e pericolo e vi consigliamo vivamente di effettuare le vostre indagini sull'idoneit\u00e0 di tali siti.<\/p><p>Diritto di recesso<\/p><p>Possiamo sospendere o interrompere il diritto dell'utente di utilizzare il nostro sito web e risolvere i presenti Termini e condizioni immediatamente, previa comunicazione scritta all'utente, per qualsiasi violazione dei presenti Termini e condizioni.<\/p><p>Severance<\/p><p>Qualsiasi termine dei presenti Termini e condizioni che sia in tutto o in parte nullo o inapplicabile viene eliminato nella misura in cui \u00e8 nullo o inapplicabile. La validit\u00e0 del resto dei presenti Termini e condizioni non \u00e8 pregiudicata.<\/p><p>Legge applicabile<\/p><p>I presenti Termini e condizioni sono regolati e interpretati in conformit\u00e0 alle leggi del Regno Unito. <span class=\"HwtZe\" lang=\"en\"><span class=\"jCAhz JxVs2d ChMk0b\"><span class=\"ryNqvb\">Italia<\/span><\/span><\/span>. L'utente si sottopone irrevocabilmente alla giurisdizione esclusiva dei tribunali di tale Stato o localit\u00e0.<\/p>\t\t\t\t\t\t\t\t<\/div>\n\t\t\t\t<\/div>\n\t\t\t\t\t<\/div>\n\t\t\t\t<\/div>\n\t\t\t\t<\/div>","protected":false},"excerpt":{"rendered":"<p>Terms and Conditions These Terms and conditions govern your use of the website\u00a0https:\/\/www.zhongyagroup.it and any related services provided by\u00a0Zhongya International By accessing https:\/\/www.zhongyagroup.it, you agree to abide by these Terms and Conditions and comply with all applicable laws and regulations. If you do not agree with these Terms and Conditions, you are prohibited from using [&hellip;]<\/p>\n","protected":false},"author":4,"featured_media":0,"parent":0,"menu_order":0,"comment_status":"closed","ping_status":"closed","template":"","meta":{"footnotes":""},"class_list":["post-598","page","type-page","status-publish","hentry"],"blocksy_meta":[],"_links":{"self":[{"href":"https:\/\/www.zhongyagroup.it\/it\/wp-json\/wp\/v2\/pages\/598","targetHints":{"allow":["GET"]}}],"collection":[{"href":"https:\/\/www.zhongyagroup.it\/it\/wp-json\/wp\/v2\/pages"}],"about":[{"href":"https:\/\/www.zhongyagroup.it\/it\/wp-json\/wp\/v2\/types\/page"}],"author":[{"embeddable":true,"href":"https:\/\/www.zhongyagroup.it\/it\/wp-json\/wp\/v2\/users\/4"}],"replies":[{"embeddable":true,"href":"https:\/\/www.zhongyagroup.it\/it\/wp-json\/wp\/v2\/comments?post=598"}],"version-history":[{"count":10,"href":"https:\/\/www.zhongyagroup.it\/it\/wp-json\/wp\/v2\/pages\/598\/revisions"}],"predecessor-version":[{"id":795,"href":"https:\/\/www.zhongyagroup.it\/it\/wp-json\/wp\/v2\/pages\/598\/revisions\/795"}],"wp:attachment":[{"href":"https:\/\/www.zhongyagroup.it\/it\/wp-json\/wp\/v2\/media?parent=598"}],"curies":[{"name":"wp","href":"https:\/\/api.w.org\/{rel}","templated":true}]}}