{"id":50,"date":"2024-06-03T11:12:05","date_gmt":"2024-06-03T09:12:05","guid":{"rendered":"https:\/\/www.zhongyagroup.it\/our-story\/"},"modified":"2024-11-11T17:05:39","modified_gmt":"2024-11-11T16:05:39","slug":"about-us","status":"publish","type":"page","link":"https:\/\/www.zhongyagroup.it\/de\/about-us\/","title":{"rendered":"\u00dcber uns"},"content":{"rendered":"<div data-elementor-type=\"wp-page\" data-elementor-id=\"50\" class=\"elementor elementor-50\" data-elementor-post-type=\"page\">\n\t\t\t\t<div class=\"elementor-element elementor-element-32693a5 e-flex e-con-boxed e-con e-parent\" data-id=\"32693a5\" data-element_type=\"container\" data-settings=\"{&quot;background_background&quot;:&quot;classic&quot;}\">\n\t\t\t\t\t<div class=\"e-con-inner\">\n\t\t\t\t\t<\/div>\n\t\t\t\t<\/div>\n\t\t<div class=\"elementor-element elementor-element-4903483 e-flex e-con-boxed e-con e-parent\" data-id=\"4903483\" data-element_type=\"container\" data-settings=\"{&quot;background_background&quot;:&quot;classic&quot;}\">\n\t\t\t\t\t<div class=\"e-con-inner\">\n\t\t\t\t<div class=\"elementor-element elementor-element-410b7d6 exad-sticky-section-no exad-glass-effect-no elementor-widget elementor-widget-heading\" data-id=\"410b7d6\" data-element_type=\"widget\" data-widget_type=\"heading.default\">\n\t\t\t\t<div class=\"elementor-widget-container\">\n\t\t\t\t\t<h1 class=\"elementor-heading-title elementor-size-default\">\u00dcber unser Unternehmen<\/h1>\t\t\t\t<\/div>\n\t\t\t\t<\/div>\n\t\t\t\t<div class=\"elementor-element elementor-element-cddf389 exad-sticky-section-no exad-glass-effect-no elementor-widget elementor-widget-text-editor\" data-id=\"cddf389\" data-element_type=\"widget\" data-widget_type=\"text-editor.default\">\n\t\t\t\t<div class=\"elementor-widget-container\">\n\t\t\t\t\t\t\t\t\t<p>Zhongya International srl ist die EMEA-Gesch\u00e4ftseinheit (Europa, Naher Osten, Afrika) der Zhongya-Gruppe, die durch eine erfolgreiche Investition in Magex, ein f\u00fchrendes Automatenunternehmen in Italien, gegr\u00fcndet wurde. Mit einem engagierten Team von Spezialisten und kontinuierlichen Investitionen in Ressourcen und Kompetenzen sind wir bestrebt, die europ\u00e4ische Gesch\u00e4ftsentwicklung voranzutreiben und den Erfolg von Zhongya auf dem internationalen Markt zu sichern.<\/p>\t\t\t\t\t\t\t\t<\/div>\n\t\t\t\t<\/div>\n\t\t\t\t\t<\/div>\n\t\t\t\t<\/div>\n\t\t<div class=\"elementor-element elementor-element-47a8853c e-flex e-con-boxed e-con e-parent\" data-id=\"47a8853c\" data-element_type=\"container\">\n\t\t\t\t\t<div class=\"e-con-inner\">\n\t\t<div class=\"elementor-element elementor-element-17565af1 e-con-full e-flex e-con e-child\" data-id=\"17565af1\" data-element_type=\"container\" data-settings=\"{&quot;background_background&quot;:&quot;classic&quot;}\">\n\t\t\t\t<div class=\"elementor-element elementor-element-54b80b0 exad-sticky-section-no exad-glass-effect-no elementor-widget elementor-widget-image\" data-id=\"54b80b0\" data-element_type=\"widget\" data-widget_type=\"image.default\">\n\t\t\t\t<div class=\"elementor-widget-container\">\n\t\t\t\t\t\t\t\t\t\t\t\t\t\t\t<img fetchpriority=\"high\" decoding=\"async\" width=\"785\" height=\"564\" src=\"https:\/\/www.zhongyagroup.it\/wp-content\/uploads\/2024\/09\/aboutpt.png\" class=\"attachment-large size-large wp-image-1226\" alt=\"\" srcset=\"https:\/\/www.zhongyagroup.it\/wp-content\/uploads\/2024\/09\/aboutpt.png 785w, https:\/\/www.zhongyagroup.it\/wp-content\/uploads\/2024\/09\/aboutpt-300x216.png 300w, https:\/\/www.zhongyagroup.it\/wp-content\/uploads\/2024\/09\/aboutpt-768x552.png 768w, https:\/\/www.zhongyagroup.it\/wp-content\/uploads\/2024\/09\/aboutpt-18x12.png 18w\" sizes=\"(max-width: 785px) 100vw, 785px\" \/>\t\t\t\t\t\t\t\t\t\t\t\t\t\t\t<\/div>\n\t\t\t\t<\/div>\n\t\t\t\t<\/div>\n\t\t<div class=\"elementor-element elementor-element-8734fb e-con-full e-flex e-con e-child\" data-id=\"8734fb\" data-element_type=\"container\" data-settings=\"{&quot;animation&quot;:&quot;none&quot;}\">\n\t\t\t\t<div class=\"elementor-element elementor-element-12836e92 exad-sticky-section-no exad-glass-effect-no elementor-widget elementor-widget-heading\" data-id=\"12836e92\" data-element_type=\"widget\" data-widget_type=\"heading.default\">\n\t\t\t\t<div class=\"elementor-widget-container\">\n\t\t\t\t\t<h6 class=\"elementor-heading-title elementor-size-default\">Eine kurze \u00dcberschrift<\/h6>\t\t\t\t<\/div>\n\t\t\t\t<\/div>\n\t\t\t\t<div class=\"elementor-element elementor-element-3fd0410 exad-sticky-section-no exad-glass-effect-no elementor-widget elementor-widget-heading\" data-id=\"3fd0410\" data-element_type=\"widget\" data-widget_type=\"heading.default\">\n\t\t\t\t<div class=\"elementor-widget-container\">\n\t\t\t\t\t<h1 class=\"elementor-heading-title elementor-size-default\">Unsere Geschichte<\/h1>\t\t\t\t<\/div>\n\t\t\t\t<\/div>\n\t\t\t\t<div class=\"elementor-element elementor-element-662ba29b exad-sticky-section-no exad-glass-effect-no elementor-invisible elementor-widget elementor-widget-text-editor\" data-id=\"662ba29b\" data-element_type=\"widget\" data-settings=\"{&quot;_animation&quot;:&quot;fadeIn&quot;,&quot;_animation_delay&quot;:400}\" data-widget_type=\"text-editor.default\">\n\t\t\t\t<div class=\"elementor-widget-container\">\n\t\t\t\t\t\t\t\t\t<p>Die 1992 gegr\u00fcndete Hangzhou Zhongya Machinery Co., Ltd. ist ein f\u00fchrender Hersteller von intelligenten Verpackungs- und Verkaufsautomaten, der an der Shenzhener B\u00f6rse notiert ist. Zhongya International srl wurde nach einer erfolgreichen Investition der Zhongya-Gruppe in Magex, einem f\u00fchrenden Automatenhersteller in Italien, gegr\u00fcndet.<\/p><p>Unsere Infrastruktur umfasst Werkst\u00e4tten, Werkzeuge, IT-Systeme und technische Unterst\u00fctzung und bildet die Grundlage f\u00fcr Zhongya International als EMEA-Gesch\u00e4ftseinheit der Zhongya-Gruppe.<\/p><p>Unser umfangreiches Produktportfolio beliefert Branchen wie die Milchwirtschaft, die Getr\u00e4nkeindustrie und die pharmazeutische Industrie in 55 L\u00e4ndern. Wir sind bestrebt, Branchentrends anzuf\u00fchren und unseren Kunden weltweit einen hervorragenden Service und Support zu bieten.<\/p>\t\t\t\t\t\t\t\t<\/div>\n\t\t\t\t<\/div>\n\t\t\t\t<\/div>\n\t\t\t\t\t<\/div>\n\t\t\t\t<\/div>\n\t\t<div class=\"elementor-element elementor-element-9099dc2 e-flex e-con-boxed e-con e-parent\" data-id=\"9099dc2\" data-element_type=\"container\" data-settings=\"{&quot;background_background&quot;:&quot;classic&quot;}\">\n\t\t\t\t\t<div class=\"e-con-inner\">\n\t\t\t\t<div class=\"elementor-element elementor-element-2c62565 exad-sticky-section-no exad-glass-effect-no elementor-widget elementor-widget-video\" data-id=\"2c62565\" data-element_type=\"widget\" data-settings=\"{&quot;youtube_url&quot;:&quot;https:\\\/\\\/www.youtube.com\\\/watch?v=nOiKTDh3gXc&quot;,&quot;video_type&quot;:&quot;youtube&quot;,&quot;controls&quot;:&quot;yes&quot;}\" data-widget_type=\"video.default\">\n\t\t\t\t<div class=\"elementor-widget-container\">\n\t\t\t\t\t\t\t<div class=\"elementor-wrapper elementor-open-inline\">\n\t\t\t<div class=\"elementor-video\"><\/div>\t\t<\/div>\n\t\t\t\t\t\t<\/div>\n\t\t\t\t<\/div>\n\t\t\t\t\t<\/div>\n\t\t\t\t<\/div>\n\t\t<div class=\"elementor-element elementor-element-ac483c9 e-flex e-con-boxed e-con e-parent\" data-id=\"ac483c9\" data-element_type=\"container\">\n\t\t\t\t\t<div class=\"e-con-inner\">\n\t\t<div class=\"elementor-element elementor-element-9690821 e-con-full e-flex e-con e-child\" data-id=\"9690821\" data-element_type=\"container\">\n\t\t\t\t<div class=\"elementor-element elementor-element-51ba32f exad-sticky-section-no exad-glass-effect-no elementor-widget elementor-widget-image\" data-id=\"51ba32f\" data-element_type=\"widget\" data-widget_type=\"image.default\">\n\t\t\t\t<div class=\"elementor-widget-container\">\n\t\t\t\t\t\t\t\t\t\t\t\t<figure class=\"wp-caption\">\n\t\t\t\t\t\t\t\t\t\t\t<a href=\"http:\/\/en.zhongyagroup.com\/\" target=\"_blank\">\n\t\t\t\t\t\t\t<img decoding=\"async\" width=\"600\" height=\"400\" src=\"https:\/\/www.zhongyagroup.it\/wp-content\/uploads\/2024\/09\/zhongya-heaquarter.jpg\" class=\"attachment-large size-large wp-image-1228\" alt=\"\" srcset=\"https:\/\/www.zhongyagroup.it\/wp-content\/uploads\/2024\/09\/zhongya-heaquarter.jpg 600w, https:\/\/www.zhongyagroup.it\/wp-content\/uploads\/2024\/09\/zhongya-heaquarter-300x200.jpg 300w, https:\/\/www.zhongyagroup.it\/wp-content\/uploads\/2024\/09\/zhongya-heaquarter-18x12.jpg 18w\" sizes=\"(max-width: 600px) 100vw, 600px\" \/>\t\t\t\t\t\t\t\t<\/a>\n\t\t\t\t\t\t\t\t\t\t\t<figcaption class=\"widget-image-caption wp-caption-text\"><\/figcaption>\n\t\t\t\t\t\t\t\t\t\t<\/figure>\n\t\t\t\t\t\t\t\t\t<\/div>\n\t\t\t\t<\/div>\n\t\t\t\t<div class=\"elementor-element elementor-element-bb7ecb2 elementor-widget__width-inherit elementor-align-center exad-sticky-section-no exad-glass-effect-no elementor-widget elementor-widget-button\" data-id=\"bb7ecb2\" data-element_type=\"widget\" data-widget_type=\"button.default\">\n\t\t\t\t<div class=\"elementor-widget-container\">\n\t\t\t\t\t\t\t\t\t<div class=\"elementor-button-wrapper\">\n\t\t\t\t\t<a class=\"elementor-button elementor-button-link elementor-size-sm\" href=\"http:\/\/en.zhongyagroup.com\/\" target=\"_blank\" id=\"zhongyahq\">\n\t\t\t\t\t\t<span class=\"elementor-button-content-wrapper\">\n\t\t\t\t\t\t\t\t\t<span class=\"elementor-button-text\">Zhongya-Hauptsitz<\/span>\n\t\t\t\t\t<\/span>\n\t\t\t\t\t<\/a>\n\t\t\t\t<\/div>\n\t\t\t\t\t\t\t\t<\/div>\n\t\t\t\t<\/div>\n\t\t\t\t<\/div>\n\t\t\t\t<div class=\"elementor-element elementor-element-a8fdd7c exad-sticky-section-no exad-glass-effect-no elementor-widget elementor-widget-text-editor\" data-id=\"a8fdd7c\" data-element_type=\"widget\" data-widget_type=\"text-editor.default\">\n\t\t\t\t<div class=\"elementor-widget-container\">\n\t\t\t\t\t\t\t\t\t<h2>ZHONGYA<br \/>GRUPPE<\/h2>\t\t\t\t\t\t\t\t<\/div>\n\t\t\t\t<\/div>\n\t\t<div class=\"elementor-element elementor-element-6055e2e e-con-full e-flex e-con e-child\" data-id=\"6055e2e\" data-element_type=\"container\">\n\t\t\t\t<div class=\"elementor-element elementor-element-86ec4ed exad-sticky-section-no exad-glass-effect-no elementor-widget elementor-widget-image\" data-id=\"86ec4ed\" data-element_type=\"widget\" data-widget_type=\"image.default\">\n\t\t\t\t<div class=\"elementor-widget-container\">\n\t\t\t\t\t\t\t\t\t\t\t\t<figure class=\"wp-caption\">\n\t\t\t\t\t\t\t\t\t\t\t<a href=\"https:\/\/www.magex.it\/\" target=\"_blank\">\n\t\t\t\t\t\t\t<img decoding=\"async\" width=\"600\" height=\"400\" src=\"https:\/\/www.zhongyagroup.it\/wp-content\/uploads\/2024\/09\/magex-cover.jpg\" class=\"attachment-large size-large wp-image-1227\" alt=\"\" srcset=\"https:\/\/www.zhongyagroup.it\/wp-content\/uploads\/2024\/09\/magex-cover.jpg 600w, https:\/\/www.zhongyagroup.it\/wp-content\/uploads\/2024\/09\/magex-cover-300x200.jpg 300w, https:\/\/www.zhongyagroup.it\/wp-content\/uploads\/2024\/09\/magex-cover-18x12.jpg 18w\" sizes=\"(max-width: 600px) 100vw, 600px\" \/>\t\t\t\t\t\t\t\t<\/a>\n\t\t\t\t\t\t\t\t\t\t\t<figcaption class=\"widget-image-caption wp-caption-text\"><\/figcaption>\n\t\t\t\t\t\t\t\t\t\t<\/figure>\n\t\t\t\t\t\t\t\t\t<\/div>\n\t\t\t\t<\/div>\n\t\t\t\t<div class=\"elementor-element elementor-element-6a408f6 elementor-widget__width-inherit elementor-align-center exad-sticky-section-no exad-glass-effect-no elementor-widget elementor-widget-button\" data-id=\"6a408f6\" data-element_type=\"widget\" data-widget_type=\"button.default\">\n\t\t\t\t<div class=\"elementor-widget-container\">\n\t\t\t\t\t\t\t\t\t<div class=\"elementor-button-wrapper\">\n\t\t\t\t\t<a class=\"elementor-button elementor-button-link elementor-size-sm\" href=\"https:\/\/www.magex.it\/\" target=\"_blank\" id=\"magexweb\">\n\t\t\t\t\t\t<span class=\"elementor-button-content-wrapper\">\n\t\t\t\t\t\t\t\t\t<span class=\"elementor-button-text\">Magex-Automaten<\/span>\n\t\t\t\t\t<\/span>\n\t\t\t\t\t<\/a>\n\t\t\t\t<\/div>\n\t\t\t\t\t\t\t\t<\/div>\n\t\t\t\t<\/div>\n\t\t\t\t<\/div>\n\t\t\t\t\t<\/div>\n\t\t\t\t<\/div>\n\t\t\t\t<\/div>","protected":false},"excerpt":{"rendered":"<p>About Our Company Zhongya International srl is the EMEA (Europe, Middle East, Africa) business unit of Zhongya Group, established through a successful investment in Magex, a leading vending machine company in Italy. With a dedicated team of specialists and ongoing investments in resources and competencies, we are committed to driving European business development and ensuring [&hellip;]<\/p>\n","protected":false},"author":3,"featured_media":0,"parent":0,"menu_order":0,"comment_status":"closed","ping_status":"closed","template":"","meta":{"footnotes":""},"class_list":["post-50","page","type-page","status-publish","hentry"],"blocksy_meta":[],"_links":{"self":[{"href":"https:\/\/www.zhongyagroup.it\/de\/wp-json\/wp\/v2\/pages\/50","targetHints":{"allow":["GET"]}}],"collection":[{"href":"https:\/\/www.zhongyagroup.it\/de\/wp-json\/wp\/v2\/pages"}],"about":[{"href":"https:\/\/www.zhongyagroup.it\/de\/wp-json\/wp\/v2\/types\/page"}],"author":[{"embeddable":true,"href":"https:\/\/www.zhongyagroup.it\/de\/wp-json\/wp\/v2\/users\/3"}],"replies":[{"embeddable":true,"href":"https:\/\/www.zhongyagroup.it\/de\/wp-json\/wp\/v2\/comments?post=50"}],"version-history":[{"count":65,"href":"https:\/\/www.zhongyagroup.it\/de\/wp-json\/wp\/v2\/pages\/50\/revisions"}],"predecessor-version":[{"id":1388,"href":"https:\/\/www.zhongyagroup.it\/de\/wp-json\/wp\/v2\/pages\/50\/revisions\/1388"}],"wp:attachment":[{"href":"https:\/\/www.zhongyagroup.it\/de\/wp-json\/wp\/v2\/media?parent=50"}],"curies":[{"name":"wp","href":"https:\/\/api.w.org\/{rel}","templated":true}]}}