{"id":1131,"date":"2024-09-04T18:30:53","date_gmt":"2024-09-04T16:30:53","guid":{"rendered":"https:\/\/www.zhongyagroup.it\/?page_id=1131"},"modified":"2024-09-04T19:06:10","modified_gmt":"2024-09-04T17:06:10","slug":"news","status":"publish","type":"page","link":"https:\/\/www.zhongyagroup.it\/de\/news\/","title":{"rendered":"Nachrichten"},"content":{"rendered":"<div data-elementor-type=\"wp-page\" data-elementor-id=\"1131\" class=\"elementor elementor-1131\" data-elementor-post-type=\"page\">\n\t\t\t\t<div class=\"elementor-element elementor-element-67e2f02 e-flex e-con-boxed e-con e-parent\" data-id=\"67e2f02\" data-element_type=\"container\" data-settings=\"{&quot;background_background&quot;:&quot;classic&quot;}\">\n\t\t\t\t\t<div class=\"e-con-inner\">\n\t\t\t\t<div class=\"elementor-element elementor-element-e7f00af exad-sticky-section-no exad-glass-effect-no elementor-invisible elementor-widget elementor-widget-heading\" data-id=\"e7f00af\" data-element_type=\"widget\" data-settings=\"{&quot;_animation&quot;:&quot;fadeIn&quot;}\" data-widget_type=\"heading.default\">\n\t\t\t\t<div class=\"elementor-widget-container\">\n\t\t\t\t\t<h1 class=\"elementor-heading-title elementor-size-default\">Nachrichten<\/h1>\t\t\t\t<\/div>\n\t\t\t\t<\/div>\n\t\t\t\t<div class=\"elementor-element elementor-element-8ad5e1f exad-sticky-section-no exad-glass-effect-no elementor-widget elementor-widget-text-editor\" data-id=\"8ad5e1f\" data-element_type=\"widget\" data-widget_type=\"text-editor.default\">\n\t\t\t\t<div class=\"elementor-widget-container\">\n\t\t\t\t\t\t\t\t\t<p>Bleiben Sie auf dem Laufenden \u00fcber die neuesten ZHONGYA-Nachrichten, aufkommende Trends, neue Technologien und aktuelle L\u00f6sungen im Bereich Verpackung und Abf\u00fcllung.<\/p>\t\t\t\t\t\t\t\t<\/div>\n\t\t\t\t<\/div>\n\t\t\t\t\t<\/div>\n\t\t\t\t<\/div>\n\t\t<div class=\"elementor-element elementor-element-367972d e-flex e-con-boxed e-con e-parent\" data-id=\"367972d\" data-element_type=\"container\">\n\t\t\t\t\t<div class=\"e-con-inner\">\n\t\t\t\t<div class=\"elementor-element elementor-element-e546bfa exad-sticky-section-no exad-glass-effect-no elementor-widget elementor-widget-spacer\" data-id=\"e546bfa\" data-element_type=\"widget\" data-widget_type=\"spacer.default\">\n\t\t\t\t<div class=\"elementor-widget-container\">\n\t\t\t\t\t\t\t<div class=\"elementor-spacer\">\n\t\t\t<div class=\"elementor-spacer-inner\"><\/div>\n\t\t<\/div>\n\t\t\t\t\t\t<\/div>\n\t\t\t\t<\/div>\n\t\t\t\t<div class=\"elementor-element elementor-element-1214e7d elementor-grid-3 elementor-grid-tablet-2 elementor-grid-mobile-1 elementor-posts--thumbnail-top elementor-card-shadow-yes elementor-posts__hover-gradient exad-sticky-section-no exad-glass-effect-no elementor-widget elementor-widget-posts\" data-id=\"1214e7d\" data-element_type=\"widget\" data-settings=\"{&quot;pagination_type&quot;:&quot;numbers&quot;,&quot;cards_row_gap&quot;:{&quot;unit&quot;:&quot;px&quot;,&quot;size&quot;:20,&quot;sizes&quot;:[]},&quot;cards_columns&quot;:&quot;3&quot;,&quot;cards_columns_tablet&quot;:&quot;2&quot;,&quot;cards_columns_mobile&quot;:&quot;1&quot;,&quot;cards_row_gap_tablet&quot;:{&quot;unit&quot;:&quot;px&quot;,&quot;size&quot;:&quot;&quot;,&quot;sizes&quot;:[]},&quot;cards_row_gap_mobile&quot;:{&quot;unit&quot;:&quot;px&quot;,&quot;size&quot;:&quot;&quot;,&quot;sizes&quot;:[]}}\" data-widget_type=\"posts.cards\">\n\t\t\t\t<div class=\"elementor-widget-container\">\n\t\t\t\t\t\t\t<div class=\"elementor-posts-container elementor-posts elementor-posts--skin-cards elementor-grid\" role=\"list\">\n\t\t\t\t<article class=\"elementor-post elementor-grid-item post-1815 post type-post status-publish format-standard has-post-thumbnail hentry category-news\" role=\"listitem\">\n\t\t\t<div class=\"elementor-post__card\">\n\t\t\t\t<a class=\"elementor-post__thumbnail__link\" href=\"https:\/\/www.zhongyagroup.it\/de\/2025\/10\/27\/zhongya-international-at-gulfood-manufacturing-2025\/\" tabindex=\"-1\" ><div class=\"elementor-post__thumbnail\"><img fetchpriority=\"high\" decoding=\"async\" width=\"1024\" height=\"769\" src=\"https:\/\/www.zhongyagroup.it\/wp-content\/uploads\/2025\/10\/IMG_20250628_083025-1024x769.jpg\" class=\"attachment-large size-large wp-image-1862\" alt=\"\" srcset=\"https:\/\/www.zhongyagroup.it\/wp-content\/uploads\/2025\/10\/IMG_20250628_083025-1024x769.jpg 1024w, https:\/\/www.zhongyagroup.it\/wp-content\/uploads\/2025\/10\/IMG_20250628_083025-300x225.jpg 300w, https:\/\/www.zhongyagroup.it\/wp-content\/uploads\/2025\/10\/IMG_20250628_083025-768x577.jpg 768w, https:\/\/www.zhongyagroup.it\/wp-content\/uploads\/2025\/10\/IMG_20250628_083025-1536x1153.jpg 1536w, https:\/\/www.zhongyagroup.it\/wp-content\/uploads\/2025\/10\/IMG_20250628_083025-2048x1538.jpg 2048w, https:\/\/www.zhongyagroup.it\/wp-content\/uploads\/2025\/10\/IMG_20250628_083025-16x12.jpg 16w\" sizes=\"(max-width: 1024px) 100vw, 1024px\" \/><\/div><\/a>\n\t\t\t\t<div class=\"elementor-post__badge\">Nachrichten<\/div>\n\t\t\t\t<div class=\"elementor-post__text\">\n\t\t\t\t<h3 class=\"elementor-post__title\">\n\t\t\t<a href=\"https:\/\/www.zhongyagroup.it\/de\/2025\/10\/27\/zhongya-international-at-gulfood-manufacturing-2025\/\" >\n\t\t\t\tZHONGYA International at Gulfood Manufacturing 2025\t\t\t<\/a>\n\t\t<\/h3>\n\t\t\t\t<div class=\"elementor-post__excerpt\">\n\t\t\t<p>ZHONGYA International will be ready to welcome you to our stand n. ZL-C3, ready to discuss new, exciting projects and showcase our technology and expertise.<\/p>\n\t\t<\/div>\n\t\t\n\t\t<a class=\"elementor-post__read-more\" href=\"https:\/\/www.zhongyagroup.it\/de\/2025\/10\/27\/zhongya-international-at-gulfood-manufacturing-2025\/\" aria-label=\"Read more about ZHONGYA International at Gulfood Manufacturing 2025\" tabindex=\"-1\" >\n\t\t\tMehr lesen \"\t\t<\/a>\n\n\t\t\t\t<\/div>\n\t\t\t\t<div class=\"elementor-post__meta-data\">\n\t\t\t\t\t<span class=\"elementor-post-date\">\n\t\t\t27 Oktober 2025\t\t<\/span>\n\t\t\t\t<\/div>\n\t\t\t\t\t<\/div>\n\t\t<\/article>\n\t\t\t\t<article class=\"elementor-post elementor-grid-item post-1795 post type-post status-publish format-standard has-post-thumbnail hentry category-news\" role=\"listitem\">\n\t\t\t<div class=\"elementor-post__card\">\n\t\t\t\t<a class=\"elementor-post__thumbnail__link\" href=\"https:\/\/www.zhongyagroup.it\/de\/2025\/05\/15\/zhongya-drives-the-future-of-intelligent-production\/\" tabindex=\"-1\" ><div class=\"elementor-post__thumbnail\"><img decoding=\"async\" width=\"1024\" height=\"256\" src=\"https:\/\/www.zhongyagroup.it\/wp-content\/uploads\/2025\/05\/Immagine1-1024x256.png\" class=\"attachment-large size-large wp-image-1777\" alt=\"\" srcset=\"https:\/\/www.zhongyagroup.it\/wp-content\/uploads\/2025\/05\/Immagine1-1024x256.png 1024w, https:\/\/www.zhongyagroup.it\/wp-content\/uploads\/2025\/05\/Immagine1-300x75.png 300w, https:\/\/www.zhongyagroup.it\/wp-content\/uploads\/2025\/05\/Immagine1-768x192.png 768w, https:\/\/www.zhongyagroup.it\/wp-content\/uploads\/2025\/05\/Immagine1-18x4.png 18w, https:\/\/www.zhongyagroup.it\/wp-content\/uploads\/2025\/05\/Immagine1.png 1281w\" sizes=\"(max-width: 1024px) 100vw, 1024px\" \/><\/div><\/a>\n\t\t\t\t<div class=\"elementor-post__badge\">Nachrichten<\/div>\n\t\t\t\t<div class=\"elementor-post__text\">\n\t\t\t\t<h3 class=\"elementor-post__title\">\n\t\t\t<a href=\"https:\/\/www.zhongyagroup.it\/de\/2025\/05\/15\/zhongya-drives-the-future-of-intelligent-production\/\" >\n\t\t\t\tZhongya treibt die Zukunft der intelligenten Produktion voran\t\t\t<\/a>\n\t\t<\/h3>\n\t\t\t\t<div class=\"elementor-post__excerpt\">\n\t\t\t<p>Ein kurzer \u00dcberblick \u00fcber das Projekt Am 28. Mai 2023 stellte Mengniu - ein Gigant in der globalen Milchindustrie - eine bahnbrechende Errungenschaft vor: den Start der weltweit gr\u00f6\u00dften<\/p>\n\t\t<\/div>\n\t\t\n\t\t<a class=\"elementor-post__read-more\" href=\"https:\/\/www.zhongyagroup.it\/de\/2025\/05\/15\/zhongya-drives-the-future-of-intelligent-production\/\" aria-label=\"Read more about Zhongya Drives the Future of Intelligent Production\" tabindex=\"-1\" >\n\t\t\tMehr lesen \"\t\t<\/a>\n\n\t\t\t\t<\/div>\n\t\t\t\t<div class=\"elementor-post__meta-data\">\n\t\t\t\t\t<span class=\"elementor-post-date\">\n\t\t\t15 Mai 2025\t\t<\/span>\n\t\t\t\t<\/div>\n\t\t\t\t\t<\/div>\n\t\t<\/article>\n\t\t\t\t<article class=\"elementor-post elementor-grid-item post-1742 post type-post status-publish format-standard has-post-thumbnail hentry category-news\" role=\"listitem\">\n\t\t\t<div class=\"elementor-post__card\">\n\t\t\t\t<a class=\"elementor-post__thumbnail__link\" href=\"https:\/\/www.zhongyagroup.it\/de\/2025\/03\/06\/zhongyas-bfca-series-recognized-for-technological-excellence-by-the-ministry-of-industry-and-information-technology\/\" tabindex=\"-1\" ><div class=\"elementor-post__thumbnail\"><img decoding=\"async\" width=\"1024\" height=\"340\" src=\"https:\/\/www.zhongyagroup.it\/wp-content\/uploads\/2024\/09\/BFCA-edit-1-1024x340.png\" class=\"attachment-large size-large wp-image-1166\" alt=\"\" srcset=\"https:\/\/www.zhongyagroup.it\/wp-content\/uploads\/2024\/09\/BFCA-edit-1-1024x340.png 1024w, https:\/\/www.zhongyagroup.it\/wp-content\/uploads\/2024\/09\/BFCA-edit-1-300x100.png 300w, https:\/\/www.zhongyagroup.it\/wp-content\/uploads\/2024\/09\/BFCA-edit-1-768x255.png 768w, https:\/\/www.zhongyagroup.it\/wp-content\/uploads\/2024\/09\/BFCA-edit-1-1536x509.png 1536w, https:\/\/www.zhongyagroup.it\/wp-content\/uploads\/2024\/09\/BFCA-edit-1-2048x679.png 2048w, https:\/\/www.zhongyagroup.it\/wp-content\/uploads\/2024\/09\/BFCA-edit-1-18x6.png 18w\" sizes=\"(max-width: 1024px) 100vw, 1024px\" \/><\/div><\/a>\n\t\t\t\t<div class=\"elementor-post__badge\">Nachrichten<\/div>\n\t\t\t\t<div class=\"elementor-post__text\">\n\t\t\t\t<h3 class=\"elementor-post__title\">\n\t\t\t<a href=\"https:\/\/www.zhongyagroup.it\/de\/2025\/03\/06\/zhongyas-bfca-series-recognized-for-technological-excellence-by-the-ministry-of-industry-and-information-technology\/\" >\n\t\t\t\tDie BFCA-Serie von Zhongya wird vom Ministerium f\u00fcr Industrie und Informationstechnologie als technologische Spitzenleistung anerkannt\t\t\t<\/a>\n\t\t<\/h3>\n\t\t\t\t<div class=\"elementor-post__excerpt\">\n\t\t\t<p>Zhongyas BFCA-Serie wird vom Ministerium f\u00fcr Industrie und Informationstechnologie als technologische Spitzenleistung anerkannt Das chinesische Ministerium f\u00fcr Industrie und Informationstechnologie hat<\/p>\n\t\t<\/div>\n\t\t\n\t\t<a class=\"elementor-post__read-more\" href=\"https:\/\/www.zhongyagroup.it\/de\/2025\/03\/06\/zhongyas-bfca-series-recognized-for-technological-excellence-by-the-ministry-of-industry-and-information-technology\/\" aria-label=\"Read more about Zhongya\u2019s BFCA Series Recognized for Technological Excellence by the Ministry of Industry and Information Technology\" tabindex=\"-1\" >\n\t\t\tMehr lesen \"\t\t<\/a>\n\n\t\t\t\t<\/div>\n\t\t\t\t<div class=\"elementor-post__meta-data\">\n\t\t\t\t\t<span class=\"elementor-post-date\">\n\t\t\t6. M\u00e4rz 2025\t\t<\/span>\n\t\t\t\t<\/div>\n\t\t\t\t\t<\/div>\n\t\t<\/article>\n\t\t\t\t<article class=\"elementor-post elementor-grid-item post-1 post type-post status-publish format-standard has-post-thumbnail hentry category-news\" role=\"listitem\">\n\t\t\t<div class=\"elementor-post__card\">\n\t\t\t\t<a class=\"elementor-post__thumbnail__link\" href=\"https:\/\/www.zhongyagroup.it\/de\/2024\/08\/06\/reinforcing-sales-techniques-with-specialized-skills-and-enhancing-market-influences-with-quality-service%e4%b8%a8-training-for-zhongya-europe-company-team-held-grandly\/\" tabindex=\"-1\" ><div class=\"elementor-post__thumbnail\"><img loading=\"lazy\" decoding=\"async\" width=\"1024\" height=\"322\" src=\"https:\/\/www.zhongyagroup.it\/wp-content\/uploads\/2024\/06\/about-us-1024x322.jpg\" class=\"attachment-large size-large wp-image-962\" alt=\"\" srcset=\"https:\/\/www.zhongyagroup.it\/wp-content\/uploads\/2024\/06\/about-us-1024x322.jpg 1024w, https:\/\/www.zhongyagroup.it\/wp-content\/uploads\/2024\/06\/about-us-300x94.jpg 300w, https:\/\/www.zhongyagroup.it\/wp-content\/uploads\/2024\/06\/about-us-768x242.jpg 768w, https:\/\/www.zhongyagroup.it\/wp-content\/uploads\/2024\/06\/about-us-1536x483.jpg 1536w, https:\/\/www.zhongyagroup.it\/wp-content\/uploads\/2024\/06\/about-us-2048x644.jpg 2048w, https:\/\/www.zhongyagroup.it\/wp-content\/uploads\/2024\/06\/about-us-18x6.jpg 18w\" sizes=\"(max-width: 1024px) 100vw, 1024px\" \/><\/div><\/a>\n\t\t\t\t<div class=\"elementor-post__badge\">Nachrichten<\/div>\n\t\t\t\t<div class=\"elementor-post__text\">\n\t\t\t\t<h3 class=\"elementor-post__title\">\n\t\t\t<a href=\"https:\/\/www.zhongyagroup.it\/de\/2024\/08\/06\/reinforcing-sales-techniques-with-specialized-skills-and-enhancing-market-influences-with-quality-service%e4%b8%a8-training-for-zhongya-europe-company-team-held-grandly\/\" >\n\t\t\t\tVerst\u00e4rkung der Verkaufstechniken mit Fachkenntnissen und Steigerung des Markteinflusses mit Qualit\u00e4tsservice\u4e28 Schulung f\u00fcr das Team der Zhongya Europe Company mit gro\u00dfem Erfolg\t\t\t<\/a>\n\t\t<\/h3>\n\t\t\t\t<div class=\"elementor-post__excerpt\">\n\t\t\t<p>Vom 25. Juli bis zum 2. August fand am Hauptsitz von Zhongya Europe Company in Hangzhou ein erfolgreiches Business-Training statt, so der Pr\u00e4sident des Unternehmens Allen<\/p>\n\t\t<\/div>\n\t\t\n\t\t<a class=\"elementor-post__read-more\" href=\"https:\/\/www.zhongyagroup.it\/de\/2024\/08\/06\/reinforcing-sales-techniques-with-specialized-skills-and-enhancing-market-influences-with-quality-service%e4%b8%a8-training-for-zhongya-europe-company-team-held-grandly\/\" aria-label=\"Read more about Reinforcing Sales Techniques with Specialized Skills and Enhancing Market Influences with Quality Service\u4e28 Training for Zhongya Europe Company Team Held Grandly\" tabindex=\"-1\" >\n\t\t\tMehr lesen \"\t\t<\/a>\n\n\t\t\t\t<\/div>\n\t\t\t\t<div class=\"elementor-post__meta-data\">\n\t\t\t\t\t<span class=\"elementor-post-date\">\n\t\t\t6. August 2024\t\t<\/span>\n\t\t\t\t<\/div>\n\t\t\t\t\t<\/div>\n\t\t<\/article>\n\t\t\t\t<\/div>\n\t\t\n\t\t\t\t\t\t<\/div>\n\t\t\t\t<\/div>\n\t\t\t\t<div class=\"elementor-element elementor-element-219742a exad-sticky-section-no exad-glass-effect-no elementor-widget elementor-widget-spacer\" data-id=\"219742a\" data-element_type=\"widget\" data-widget_type=\"spacer.default\">\n\t\t\t\t<div class=\"elementor-widget-container\">\n\t\t\t\t\t\t\t<div class=\"elementor-spacer\">\n\t\t\t<div class=\"elementor-spacer-inner\"><\/div>\n\t\t<\/div>\n\t\t\t\t\t\t<\/div>\n\t\t\t\t<\/div>\n\t\t\t\t\t<\/div>\n\t\t\t\t<\/div>\n\t\t\t\t<\/div>","protected":false},"excerpt":{"rendered":"<p>News Stay up to date with the latest ZHONGYA news, emerging trends, new technologies and latest solutions in packaging and filling.<\/p>","protected":false},"author":4,"featured_media":0,"parent":0,"menu_order":0,"comment_status":"closed","ping_status":"closed","template":"","meta":{"footnotes":""},"class_list":["post-1131","page","type-page","status-publish","hentry"],"blocksy_meta":[],"_links":{"self":[{"href":"https:\/\/www.zhongyagroup.it\/de\/wp-json\/wp\/v2\/pages\/1131","targetHints":{"allow":["GET"]}}],"collection":[{"href":"https:\/\/www.zhongyagroup.it\/de\/wp-json\/wp\/v2\/pages"}],"about":[{"href":"https:\/\/www.zhongyagroup.it\/de\/wp-json\/wp\/v2\/types\/page"}],"author":[{"embeddable":true,"href":"https:\/\/www.zhongyagroup.it\/de\/wp-json\/wp\/v2\/users\/4"}],"replies":[{"embeddable":true,"href":"https:\/\/www.zhongyagroup.it\/de\/wp-json\/wp\/v2\/comments?post=1131"}],"version-history":[{"count":14,"href":"https:\/\/www.zhongyagroup.it\/de\/wp-json\/wp\/v2\/pages\/1131\/revisions"}],"predecessor-version":[{"id":1791,"href":"https:\/\/www.zhongyagroup.it\/de\/wp-json\/wp\/v2\/pages\/1131\/revisions\/1791"}],"wp:attachment":[{"href":"https:\/\/www.zhongyagroup.it\/de\/wp-json\/wp\/v2\/media?parent=1131"}],"curies":[{"name":"wp","href":"https:\/\/api.w.org\/{rel}","templated":true}]}}